{"id":1656,"date":"2022-09-20T18:04:24","date_gmt":"2022-09-20T16:04:24","guid":{"rendered":"https:\/\/measlylizards.mylearndash.com\/home\/?page_id=1656"},"modified":"2022-09-20T19:34:47","modified_gmt":"2022-09-20T17:34:47","slug":"lexique","status":"publish","type":"page","link":"https:\/\/measlylizards.mylearndash.com\/home\/lexique\/","title":{"rendered":"LEXIQUE"},"content":{"rendered":"\n<ul><li><strong>BE <\/strong>&#8211; Break Even &#8211; Sortir d&rsquo;une position sans perte ni gain<\/li><li><strong>BEARISH <\/strong>&#8211; Baissier<\/li><li><strong>BIAS <\/strong>&#8211; Biais &#8211; La tendance<\/li><li><strong>BOS <\/strong>&#8211; Break of Structure &#8211; Cassure d&rsquo;une structure<\/li><li><strong>BULLISH <\/strong>&#8211; Haussier<\/li><li><strong>FOMO <\/strong>&#8211; Fear of Missing Out &#8211; La peur de rater un trade et donc rentrer sur le march\u00e9 de mani\u00e8re \u00e9motionnelle <\/li><li><strong>HH <\/strong>&#8211; Haut de plus en plus haut &#8211; sur le graphique boursier<\/li><li><strong>HL <\/strong>&#8211; Haut de plus en plus bas &#8211; sur le graphique boursier<\/li><li><strong>LONG <\/strong>&#8211; Achat &#8211; une position d&rsquo;achat d&rsquo;une devise face une autre devise<\/li><li><strong>LH <\/strong>&#8211; des bas de plus en plus hauts &#8211; sur le graphique boursier<\/li><li><strong>LL <\/strong>&#8211; des bas de plus en plus bas &#8211; sur le graphique boursier<\/li><li><strong>MT4 <\/strong>&#8211; MetaTrader Version 4.00 &#8211; plateforme de trading<\/li><li><strong>MTF <\/strong>&#8211; Multiple Time Frame &#8211; Plusieurs \u00e9chelles de temps<\/li><li><a rel=\"noreferrer noopener\" href=\"https:\/\/admiralmarkets.com\/fr\/formation\/articles\/trading-instruments\/nasdaq-100-bourse\" target=\"_blank\"><strong>NASDAQ<\/strong><\/a>\u00a0&#8211; National Association of Securities Dealers Automated Quotation &#8211; bourse am\u00e9ricaine<\/li><li><strong>NDA <\/strong>&#8211; Non-Disclosure Agreement<\/li><li><strong>NFP <\/strong>&#8211;\u00a0<a rel=\"noreferrer noopener\" href=\"https:\/\/admiralmarkets.com\/fr\/formation\/articles\/strategie-de-forex\/comment-trader-le-nfp-forex\" target=\"_blank\">Non-Farm Payroll<\/a>\u00a0&#8211; indicateur \u00e9conomique<\/li><li><strong>PA <\/strong>&#8211;\u00a0<a rel=\"noreferrer noopener\" href=\"https:\/\/admiralmarkets.com\/fr\/formation\/articles\/strategie-de-forex\/price-action\" target=\"_blank\">Price Action<\/a><\/li><li><strong>R\/R<\/strong> &#8211; Risk\/Reward &#8211; ratio Risque\/Rendement<\/li><li><strong>SEC <\/strong>&#8211; Securities and Exchange Commission (regulatory)<\/li><li><strong>SHIFT <\/strong>&#8211; Changement de tendance<\/li><li><strong>SHORT <\/strong>&#8211; Ordre de vente<\/li><li><strong>SL <\/strong>&#8211;\u00a0<a rel=\"noreferrer noopener\" href=\"https:\/\/admiralmarkets.com\/fr\/formation\/articles\/base-du-forex\/stop-loss-trading\" target=\"_blank\">Stop-Loss<\/a>\u00a0&#8211; type d&rsquo;ordre de bourse<\/li><li><strong>TF <\/strong>&#8211; Time Frame &#8211; Echelle de Temps<\/li><li><strong>TP <\/strong>&#8211; Take-Profit &#8211; type d&rsquo;ordre de bourse<\/li><li><strong>TS <\/strong>&#8211;\u00a0<a rel=\"noreferrer noopener\" href=\"https:\/\/admiralmarkets.com\/fr\/formation\/articles\/base-du-forex\/trailing-stop-suiveur\" target=\"_blank\">Trailing Stop<\/a>\u00a0&#8211; type d&rsquo;ordre de bourse &#8211; Stop Loss suiveur<\/li><\/ul>\n\n\n\n<p><strong>On peut citer donc comme paires majeures&nbsp;:<\/strong><\/p>\n\n\n\n<ul><li>EUR\/USD (Euro\/Dollar US)\u2009;<\/li><li>USD\/JPY (Dollar US\/Yen)\u2009;<\/li><li>GBP\/USD (Livre\/Dollar US)\u2009;<\/li><li>USD\/CHF (Dollar US\/Franc suisse)\u2009;<\/li><li>USD\/CAD (Dollar US\/Dollar canadien)\u2009;<\/li><li>AUD\/USD (Dollar australien\/Dollar US)\u2009;<\/li><li>NZD\/USD (Dollar n\u00e9o-z\u00e9landais\/Dollar US).<\/li><\/ul>\n","protected":false},"excerpt":{"rendered":"<p>BE &#8211; Break Even &#8211; Sortir d&rsquo;une position sans perte ni gain BEARISH &#8211; Baissier BIAS &#8211; Biais &#8211; La tendance BOS &#8211; Break of Structure &#8211; Cassure d&rsquo;une structure&#8230;<\/p>\n","protected":false},"author":1,"featured_media":0,"parent":0,"menu_order":0,"comment_status":"closed","ping_status":"closed","template":"","meta":{"_EventAllDay":false,"_EventTimezone":"","_EventStartDate":"","_EventEndDate":"","_EventStartDateUTC":"","_EventEndDateUTC":"","_EventShowMap":false,"_EventShowMapLink":false,"_EventURL":"","_EventCost":"","_EventCostDescription":"","_EventCurrencySymbol":"","_EventCurrencyCode":"","_EventCurrencyPosition":"","_EventDateTimeSeparator":"","_EventTimeRangeSeparator":"","_EventOrganizerID":[],"_EventVenueID":0,"_OrganizerEmail":"","_OrganizerPhone":"","_OrganizerWebsite":"","_VenueAddress":"","_VenueCity":"","_VenueCountry":"","_VenueProvince":"","_VenueZip":"","_VenuePhone":"","_VenueURL":"","_VenueStateProvince":"","_VenueLat":"","_VenueLng":"","_kad_post_transparent":"","_kad_post_title":"","_kad_post_layout":"","_kad_post_sidebar_id":"","_kad_post_content_style":"","_kad_post_vertical_padding":"","_kad_post_feature":"","_kad_post_feature_position":"","_kad_post_header":false,"_kad_post_footer":false},"_links":{"self":[{"href":"https:\/\/measlylizards.mylearndash.com\/home\/wp-json\/wp\/v2\/pages\/1656"}],"collection":[{"href":"https:\/\/measlylizards.mylearndash.com\/home\/wp-json\/wp\/v2\/pages"}],"about":[{"href":"https:\/\/measlylizards.mylearndash.com\/home\/wp-json\/wp\/v2\/types\/page"}],"author":[{"embeddable":true,"href":"https:\/\/measlylizards.mylearndash.com\/home\/wp-json\/wp\/v2\/users\/1"}],"replies":[{"embeddable":true,"href":"https:\/\/measlylizards.mylearndash.com\/home\/wp-json\/wp\/v2\/comments?post=1656"}],"version-history":[{"count":3,"href":"https:\/\/measlylizards.mylearndash.com\/home\/wp-json\/wp\/v2\/pages\/1656\/revisions"}],"predecessor-version":[{"id":1678,"href":"https:\/\/measlylizards.mylearndash.com\/home\/wp-json\/wp\/v2\/pages\/1656\/revisions\/1678"}],"wp:attachment":[{"href":"https:\/\/measlylizards.mylearndash.com\/home\/wp-json\/wp\/v2\/media?parent=1656"}],"curies":[{"name":"wp","href":"https:\/\/api.w.org\/{rel}","templated":true}]}}